{"id":22,"date":"2021-01-29T16:29:13","date_gmt":"2021-01-29T16:29:13","guid":{"rendered":"http:\/\/sasa.server23.cc\/?page_id=22"},"modified":"2021-10-06T20:46:29","modified_gmt":"2021-10-06T20:46:29","slug":"therapie","status":"publish","type":"page","link":"http:\/\/sasa.server23.cc\/?page_id=22","title":{"rendered":"Therapie"},"content":{"rendered":"<div  style='padding-bottom:10px; ' class='av-special-heading av-special-heading-h2    avia-builder-el-0  el_before_av_tab_container  avia-builder-el-first  '><h2 class='av-special-heading-tag '  itemprop=\"headline\"  >Therapie<\/h2><div class='special-heading-border'><div class='special-heading-inner-border' ><\/div><\/div><\/div>\n<div  class=\"tabcontainer   top_tab   avia-builder-el-1  el_after_av_heading  avia-builder-el-last \" role=\"tablist\">\n\n<section class=\"av_tab_section\"  itemscope=\"itemscope\" itemtype=\"https:\/\/schema.org\/CreativeWork\" ><div aria-controls=\"tab-id-1-content\" role=\"tab\" tabindex=\"0\" data-fake-id=\"#tab-id-1\" class=\"tab active_tab\"  itemprop=\"headline\" >Behandlungsphilosophie<\/div>\n<div id=\"tab-id-1-content\" class=\"tab_content active_tab_content\" aria-hidden=\"false\">\n<div class=\"tab_inner_content invers-color\"  itemprop=\"text\" >\n<p>Unsere Behandlungsphilosophie<\/p>\n<p>Mit der Gr\u00fcndung des <strong>THERAPIEZENTRUMS IM PIESTINGTAL<\/strong> ist es uns ein Anliegen, die regionale Gesundheitsversorgung im gesamten Piestingtal zu erweitern. Wir verstehen unseren Beruf einerseits in der Behandlung von bereits bestehenden Problemen andererseits in der pr\u00e4ventiven Arbeit. Dabei steht der individuelle Behandlungsansatz im Vordergrund.<\/p>\n<p>Ein ausf\u00fchrliches Erstgespr\u00e4ch zwischen Patient und Therapeut ist uns dabei hilfreich den Menschen in seiner Gesamtheit zu erfassen um ein gemeinsames Ziel f\u00fcr die Therapie zu finden.<\/p>\n<p>Die aktive Teilnahme des Patienten sehen wir als unerl\u00e4sslichen Faktor um das gemeinsame Therapieziel zu erreichen. So wird die therapeutische Intervention optimal unterst\u00fctzt und der K\u00f6rper kann seine Selbstheilungskr\u00e4fte n\u00fctzen.<\/p>\n\n<\/div>\n<\/div>\n<\/section>\n\n<section class=\"av_tab_section\"  itemscope=\"itemscope\" itemtype=\"https:\/\/schema.org\/CreativeWork\" ><div aria-controls=\"tab-id-2-content\" role=\"tab\" tabindex=\"0\" data-fake-id=\"#tab-id-2\" class=\"tab \"  itemprop=\"headline\" >Physiotherapie<\/div>\n<div id=\"tab-id-2-content\" class=\"tab_content \" aria-hidden=\"true\">\n<div class=\"tab_inner_content invers-color\"  itemprop=\"text\" >\n<p>Die <strong>Physiotherapie<\/strong> ist eingebettet in die Grundlagenwissenschaften Medizin, Psychologie, P\u00e4dagogik und Philosophie mit deren Teilgebieten Anatomie, Physiologie, Biomechanik, Trainingslehre, Pr\u00e4vention, Rehabilitation, Berufsrecht uvm.<\/p>\n<p>Die Physiotherapie arbeitet mit verschiedenen bewegungstherapeutischen Behandlungskonzepten und -techniken. Erg\u00e4nzt werden diese durch Massagen und physikalische Zusatzma\u00dfnahmen. Im Rahmen der Vorsorgemedizin umfasst die Physiotherapie die Gesundheitsberatung, sowie vorbeugende Ma\u00dfnahmen.<\/p>\n<p>Ziele der Physiotherapie sind einerseits die Vermeidung von Funktionsst\u00f6rungen des Bewegungssystems, andererseits die Erhaltung und Wiederherstellung der nat\u00fcrlichen Bewegungsabl\u00e4ufe, um eine optimale individuelle Bewegungs- und Schmerzfreiheit bzw. Selbstst\u00e4ndigkeit des Patienten zu erm\u00f6glichen.<\/p>\n\n<\/div>\n<\/div>\n<\/section>\n\n<section class=\"av_tab_section\"  itemscope=\"itemscope\" itemtype=\"https:\/\/schema.org\/CreativeWork\" ><div aria-controls=\"tab-id-3-content\" role=\"tab\" tabindex=\"0\" data-fake-id=\"#tab-id-3\" class=\"tab \"  itemprop=\"headline\" >Osteopathie<\/div>\n<div id=\"tab-id-3-content\" class=\"tab_content \" aria-hidden=\"true\">\n<div class=\"tab_inner_content invers-color\"  itemprop=\"text\" >\n<div id=\"content\">\n<div class=\"paragraph\">\n<p><em>&#8222;Gesundheit zu finden sollte das Ziel des Osteopathen sein, Krankheit finden kann jeder.&#8220; <\/em><br \/>\n<em>A.T. Still<\/em><\/p>\n<p>Die <strong>Osteopathie<\/strong> ist eine eigenst\u00e4ndige, ganzheitliche, manuelle (mit den H\u00e4nden ausgef\u00fchrte) Behandlungsmethode. Sie basiert auf einem philosophischen Konzept, welches das Individuum (den\/die PatientIn) in seiner Gesamtheit akzeptiert.<br \/>\nFern ab von jedem Mystizismus basiert die Osteopathie auf der pr\u00e4zisen Kenntnis von Anatomie, Physiologie, Biomechanik und Embryologie.<\/p>\n<p>Diese Kenntnisse, verbunden mit einer umfassenden, jahrelangen Schulung der manuellen F\u00e4higkeiten erm\u00f6glicht dem\/der OsteopathIn Einschr\u00e4nkungen der Beweglichkeit von Strukturen und Geweben zu korrigieren und dadurch k\u00f6rperliches und seelisches Wohlbefinden wiederherzustellen.<\/p>\n<p>Dem\/der OsteopathIn stehen eine Vielzahl von manuellen Techniken zur Verf\u00fcgung, die in drei Hauptgruppen unterteilt werden k\u00f6nnen:<\/p>\n<p><strong>1. Strukturelle Techniken<\/strong><\/p>\n<p>Nach einer differenzierten Diagnose \u00fcber funktionelle und strukturelle St\u00f6rungen des Bewegungsapparates (Bewegungseinschr\u00e4nkung der Gelenke, Muskelverspannungen, Verquellungen des Bindegewebes) versucht der\/die OsteopathIn mit sanften aber sehr pr\u00e4zisen Techniken k\u00f6rpereigene Regulationsmechanismen in Gang zu setzen, um so die Selbstordnung des K\u00f6rpers wiederherzustellen.<\/p>\n<p><strong>2. Cranio-Sacrale Techniken<\/strong><\/p>\n<p>Die Osteopathie geht davon aus, dass zwischen den einzelnen Teilen des Sch\u00e4dels Bewegung stattfindet. Diese rhythmischen Bewegungen werden als &#8222;prim\u00e4re Atmung&#8220; bezeichnet. Diese vom Sch\u00e4del (Cranium) ausgehende wellenf\u00f6rmige Fluktuationsbewegung, ist im ganzen K\u00f6rper, aber vor allem im Kreuzbein (Sacrum) sp\u00fcrbar. Ist nun eine Struktur (z.B. eine Sch\u00e4delnaht) in ihrer Mobilit\u00e4t beeintr\u00e4chtigt, kommt es zu einer Behinderung des gesamten Systems. Der\/die OsteopathIn versucht \u00fcber seine\/ihre H\u00e4nde diesen Rhythmus wahrzunehmen, die Bewegungseinschr\u00e4nkung zu erfassen und durch manuelle Intervention Reharmonisierung zu erreichen.<\/p>\n<p><strong>3. Viszerale Techniken<\/strong><\/p>\n<p>Die Organe unterliegen einer st\u00e4ndigen Bewegung. Durch z.B. Infektionen oder Narben (nach Operationen) kann es auch hier zu Einschr\u00e4nkungen kommen, die einen Einfluss auf die Funktion der einzelnen Organe haben k\u00f6nnen. Durch direkte aber sanfte Techniken, versucht der\/die OsteopathIn die Eigenbeweglichkeit und das Zusammenspiel der Organe wiederherzustellen.<\/p>\n<p><strong>Anwendungsbereiche<\/strong><\/p>\n<ul>\n<li>St\u00f6rungen und Schmerzen des Bewegungsapparates<\/li>\n<li>Funktionelle St\u00f6rungen (Kopfschmerzen, Tinnitus, Verdauungsst\u00f6rungen)<\/li>\n<li>Psychosomatische Beschwerden<\/li>\n<\/ul>\n<\/div>\n<\/div>\n\n<\/div>\n<\/div>\n<\/section>\n\n<section class=\"av_tab_section\"  itemscope=\"itemscope\" itemtype=\"https:\/\/schema.org\/CreativeWork\" ><div aria-controls=\"tab-id-4-content\" role=\"tab\" tabindex=\"0\" data-fake-id=\"#tab-id-4\" class=\"tab \"  itemprop=\"headline\" >Logop\u00e4die<\/div>\n<div id=\"tab-id-4-content\" class=\"tab_content \" aria-hidden=\"true\">\n<div class=\"tab_inner_content invers-color\"  itemprop=\"text\" >\n<p>Wird aus dem altgriechischen logos (Wort) und paideuein (Erziehen) abgeleitet und bedeutet w\u00f6rtlich Sprecherziehung.<br \/>\nSie besch\u00e4ftigt sich mit der Vorbeugung, Beratung, Diagnostik, Therapie und Rehabilitation auf den Gebieten der Stimme, des Sprechens, der Sprache, des Schluckens sowie des H\u00f6rens und der Kommunikation.<br \/>\n<strong>Stimme \u2013Stimmst\u00f6rungen:<\/strong><br \/>\nHeiserkeit, mangelnde Belastbarkeit der Stimme, Stimmbandver\u00e4nderungen, Zustand nach Operationen im Kehlkopf und Schilddr\u00fcsenbereich,\u2026.<br \/>\n<strong>Sprechen \u2013 Sprechst\u00f6rungen:<\/strong><br \/>\nLaute k\u00f6nnen nicht richtig produziert werden (z.B. statt s wird ein th gesprochen), Laute werden ersetzt durch andere Laute (z.B. k durch t),\u2026.<br \/>\n<strong>Sprache \u2013 Sprachst\u00f6rungen:<\/strong><br \/>\nBeeintr\u00e4chtigung in der Sprachwahrnehmung und\/oder Sprachproduktion z.B. nach Schlaganfall, Mb Parkinson, Demenz, Sch\u00e4delhirntrauma,\u2026<strong><br \/>\nSchlucken \u2013 Schluckst\u00f6rung:<\/strong><br \/>\nReicht von der St\u00f6rung der Nahrungsaufnahme bis zum beeintr\u00e4chtigten Abschlucken. Beinhaltet au\u00dferdem das Zungenpressen aufgrund eines nicht physiologischen Schluckmusters,\u2026<br \/>\n<strong>H\u00f6ren \u2013 H\u00f6rst\u00f6rung:<\/strong><br \/>\nJegliche Beeintr\u00e4chtigung des H\u00f6rens, Erlernen einer Geb\u00e4rdensprache,\u2026\u2026<\/p>\n<p>All dies kann sowohl im Kindes- als auch im Erwachsenenalter auftreten und wird in allen Altersgruppen behandelt.<\/p>\n\n<\/div>\n<\/div>\n<\/section>\n\n<section class=\"av_tab_section\"  itemscope=\"itemscope\" itemtype=\"https:\/\/schema.org\/CreativeWork\" ><div aria-controls=\"tab-id-5-content\" role=\"tab\" tabindex=\"0\" data-fake-id=\"#tab-id-5\" class=\"tab \"  itemprop=\"headline\" >Organisatorisches<\/div>\n<div id=\"tab-id-5-content\" class=\"tab_content \" aria-hidden=\"true\">\n<div class=\"tab_inner_content invers-color\"  itemprop=\"text\" >\n<p><strong>Vor der ersten Behandlung<\/strong><br \/>\nZur Inanspruchnahme einer physiotherapeutischen Behandlung ben\u00f6tigen Sie eine Verordnung Ihres Haus- oder Facharztes.<br \/>\nF\u00fcr die teilweise R\u00fcckerstattung der Therapiekosten ist eine Bewilligung der jeweiligen Krankenkasse erforderlich. Diese sollte vor der ersten Behandlung eingeholt werden.<br \/>\nFalls Sie eine Zusatzversicherung haben, informieren Sie sich, ob diese die verbleibenden Therapiekosten \u00fcbernimmt.<\/p>\n<p><strong>Bei der ersten Therapieeinheit<\/strong> bitte Befunde (R\u00f6ngtenbilder, MR, usw. ) mitnehmen!<br \/>\nFalls es Ihnen aus gesundheitlichen Gr\u00fcnden <strong>nicht m\u00f6glich<\/strong> ist zur Behandlung in die Praxis zu kommen, bieten wir auch <strong>gerne Hausbesuche an<\/strong>.<\/p>\n<p><strong>Nach der letzten Behandlung<\/strong><br \/>\nNach der letzten Behandlung erhalten Sie f\u00fcr die physiotherapeutische Behandlungsserie eine Honorarnote.<br \/>\nDiese k\u00f6nnen Sie gemeinsam mit der bewilligten Verordnung an Ihre jeweilige Krankenkasse schicken um eine teilweise Kostenr\u00fcckerstattung in Anspruch zu nehmen.<\/p>\n<p>Osteopathie ist eine Behandlungsmethode, f\u00fcr die es <strong>keine Kassenleistung<\/strong> gibt. Sie brauchen f\u00fcr diese Behandlung ebenfalls einen Verordnungsschein Ihres Haus- oder Facharztes.<br \/>\nAuch hier gilt: falls Sie eine Zusatzversicherung haben, bitte erkundigen Sie sich, ob diese die Therapiekosten \u00fcbernimmt.<\/p>\n\n<\/div>\n<\/div>\n<\/section>\n\n<\/div>\n\n","protected":false},"excerpt":{"rendered":"","protected":false},"author":1,"featured_media":0,"parent":0,"menu_order":0,"comment_status":"closed","ping_status":"closed","template":"","meta":[],"_links":{"self":[{"href":"http:\/\/sasa.server23.cc\/index.php?rest_route=\/wp\/v2\/pages\/22"}],"collection":[{"href":"http:\/\/sasa.server23.cc\/index.php?rest_route=\/wp\/v2\/pages"}],"about":[{"href":"http:\/\/sasa.server23.cc\/index.php?rest_route=\/wp\/v2\/types\/page"}],"author":[{"embeddable":true,"href":"http:\/\/sasa.server23.cc\/index.php?rest_route=\/wp\/v2\/users\/1"}],"replies":[{"embeddable":true,"href":"http:\/\/sasa.server23.cc\/index.php?rest_route=%2Fwp%2Fv2%2Fcomments&post=22"}],"version-history":[{"count":12,"href":"http:\/\/sasa.server23.cc\/index.php?rest_route=\/wp\/v2\/pages\/22\/revisions"}],"predecessor-version":[{"id":488,"href":"http:\/\/sasa.server23.cc\/index.php?rest_route=\/wp\/v2\/pages\/22\/revisions\/488"}],"wp:attachment":[{"href":"http:\/\/sasa.server23.cc\/index.php?rest_route=%2Fwp%2Fv2%2Fmedia&parent=22"}],"curies":[{"name":"wp","href":"https:\/\/api.w.org\/{rel}","templated":true}]}}