{"id":45,"date":"2021-03-22T19:01:51","date_gmt":"2021-03-22T19:01:51","guid":{"rendered":"http:\/\/sasa.server23.cc\/?page_id=45"},"modified":"2021-10-06T23:42:26","modified_gmt":"2021-10-06T23:42:26","slug":"victoria-kriegleder","status":"publish","type":"page","link":"http:\/\/sasa.server23.cc\/?page_id=45","title":{"rendered":"Victoria Kriegleder"},"content":{"rendered":"<div id='av_section_1'  class='avia-section main_color avia-section-default avia-no-border-styling  avia-bg-style-scroll  avia-builder-el-0  avia-builder-el-no-sibling   container_wrap fullsize' style=' '  ><div class='container' ><main  role=\"main\" itemprop=\"mainContentOfPage\"  class='template-page content  av-content-full alpha units'><div class='post-entry post-entry-type-page post-entry-45'><div class='entry-content-wrapper clearfix'>\n<div class=\"flex_column av_three_fourth  flex_column_div av-zero-column-padding first  avia-builder-el-1  el_before_av_one_fourth  avia-builder-el-first  \" style='border-radius:0px; '><p><div  style='padding-bottom:10px; ' class='av-special-heading av-special-heading-h2  blockquote modern-quote  avia-builder-el-2  el_before_av_textblock  avia-builder-el-first  av-linked-heading '><h2 class='av-special-heading-tag '  itemprop=\"headline\"  ><a href=\"http:\/\/sasa.server23.cc\/?page_id=45(\u00f6ffnet in neuem Tab)\">Victoria Kriegleder<\/a><\/h2><div class='special-heading-border'><div class='special-heading-inner-border' ><\/div><\/div><\/div><br \/>\n<section class=\"av_textblock_section \"  itemscope=\"itemscope\" itemtype=\"https:\/\/schema.org\/CreativeWork\" ><div class='avia_textblock  '   itemprop=\"text\" ><div id=\"content\">\n<h1><\/h1>\n<h4><span style=\"color: #be965b;\"><strong><span lang=\"de-DE\">Fachgebiete<\/span><\/strong><\/span><\/h4>\n<p><span lang=\"de-DE\">Physiotherapie, BSc<\/span><\/p>\n<p><span lang=\"de-DE\">Osteopathie i.A.<\/span><\/p>\n<p><span lang=\"de-DE\">Pilates, Certified Practitioner of Pilates MAT<\/span><\/p>\n<h4><span lang=\"de-DE\" style=\"color: #be965b;\">Lebenslauf<\/span><\/h4>\n<p><span lang=\"de-DE\">geb. 1989 in Wien <\/span><\/p>\n<h4><span style=\"color: #be965b;\"><strong><span lang=\"de-DE\">Beruflicher Werdegang<\/span><\/strong><\/span><span lang=\"de-DE\"><br \/>\n<\/span><\/h4>\n<p><span lang=\"de-DE\">2020-dato selbstst\u00e4ndige T\u00e4tigkeit als Physiotherapeutin im Therapiezentrum Pernitz<\/span><\/p>\n<p><span lang=\"de-DE\">2019-dato selbstst\u00e4ndige T\u00e4tigkeit als Physiotherapeutin Gemeinschaftspraxis Dr. Platzl<\/span><\/p>\n<p><span lang=\"de-DE\">2017-2020 selbstst\u00e4ndige T\u00e4tigkeit als Physiotherapeutin Ordination Dr. Kunauer<\/span><\/p>\n<p><span lang=\"de-DE\">2017-2019 selbstst\u00e4ndige T\u00e4tigkeit als Physiotherapeutin bei Orthop\u00e4de Dr. Kriegleder<\/span><\/p>\n<p><span lang=\"de-DE\">2017-dato Ausbildung zur Osteopathin an der Wiener Schule f\u00fcr Osteopathie <\/span><\/p>\n<p><span lang=\"de-DE\">2016-2019 angestellt als Physiotherapeutin im Sonderschulzentrum Herchenhahngasse<\/span><\/p>\n<p><span lang=\"de-DE\">2013-2016 Ausbildung zur Physiotherapeutin an der FH St. P\u00f6lten<\/span><\/p>\n<p><span lang=\"de-DE\">2013-2014 Ausbildung zur Pilatestrainerin bei ALVAREZ Education<\/span><\/p>\n<p><span lang=\"de-DE\">2009-2012 Bachelor of Education an der P\u00e4dagogischen Hochschule<\/span><\/p>\n<h4><span style=\"color: #be965b;\"><strong><span lang=\"de-DE\">Fortbildungen<\/span><\/strong><\/span><\/h4>\n<p><span lang=\"de-DE\">2021 Beckenboden \/ Gesundheit der Frau \/ Schwangerschaft \/ interne Beckenbodenbehandlung<\/span><\/p>\n<p><\/a> <span lang=\"de-DE\">2016-2018 Fasziendistorsionsmodell nach Typaldos<\/span><\/p>\n<p><span lang=\"de-DE\">2017-dato Osteopathie i.A.<\/span><\/p>\n<p><span lang=\"de-DE\">2015 Kinesiologisches Taping<\/span><\/p>\n<p><span lang=\"de-DE\">2013-2014 Pilates<\/span><\/p>\n<p><span lang=\"de-DE\">Schwerpunkte \/ Fachbereiche<\/span><\/p>\n<p><span lang=\"de-DE\">Orthop\u00e4die<\/span><\/p>\n<p><span lang=\"de-DE\">Gyn\u00e4kologie \/ Frauengesundheit<\/span><\/div>\n<\/div><\/section><\/p><\/div><div class=\"flex_column av_one_fourth  flex_column_div av-zero-column-padding   avia-builder-el-4  el_after_av_three_fourth  avia-builder-el-last  \" style='border-radius:0px; '><div  class='avia-image-container avia_animated_image avia_animate_when_almost_visible fade-in av-styling-    avia-builder-el-5  avia-builder-el-no-sibling  avia-align-center '  itemprop=\"image\" itemscope=\"itemscope\" itemtype=\"https:\/\/schema.org\/ImageObject\"  ><div class='avia-image-container-inner'><div class='avia-image-overlay-wrap'><a href='http:\/\/sasa.server23.cc\/?page_id=45' class='avia_image'  ><img width=\"200\" height=\"300\" class='wp-image-287 avia-img-lazy-loading-not-287 avia_image' src=\"http:\/\/sasa.server23.cc\/wp-content\/uploads\/2021\/08\/victoriaK-200x300.jpg\" alt='' title='victoriaK'  itemprop=\"thumbnailUrl\" srcset=\"http:\/\/sasa.server23.cc\/wp-content\/uploads\/2021\/08\/victoriaK-200x300.jpg 200w, http:\/\/sasa.server23.cc\/wp-content\/uploads\/2021\/08\/victoriaK-471x705.jpg 471w, http:\/\/sasa.server23.cc\/wp-content\/uploads\/2021\/08\/victoriaK.jpg 684w\" sizes=\"(max-width: 200px) 100vw, 200px\" \/><\/a><\/div><\/div><\/div><\/div>\n","protected":false},"excerpt":{"rendered":"","protected":false},"author":1,"featured_media":0,"parent":0,"menu_order":0,"comment_status":"closed","ping_status":"closed","template":"","meta":[],"_links":{"self":[{"href":"http:\/\/sasa.server23.cc\/index.php?rest_route=\/wp\/v2\/pages\/45"}],"collection":[{"href":"http:\/\/sasa.server23.cc\/index.php?rest_route=\/wp\/v2\/pages"}],"about":[{"href":"http:\/\/sasa.server23.cc\/index.php?rest_route=\/wp\/v2\/types\/page"}],"author":[{"embeddable":true,"href":"http:\/\/sasa.server23.cc\/index.php?rest_route=\/wp\/v2\/users\/1"}],"replies":[{"embeddable":true,"href":"http:\/\/sasa.server23.cc\/index.php?rest_route=%2Fwp%2Fv2%2Fcomments&post=45"}],"version-history":[{"count":7,"href":"http:\/\/sasa.server23.cc\/index.php?rest_route=\/wp\/v2\/pages\/45\/revisions"}],"predecessor-version":[{"id":526,"href":"http:\/\/sasa.server23.cc\/index.php?rest_route=\/wp\/v2\/pages\/45\/revisions\/526"}],"wp:attachment":[{"href":"http:\/\/sasa.server23.cc\/index.php?rest_route=%2Fwp%2Fv2%2Fmedia&parent=45"}],"curies":[{"name":"wp","href":"https:\/\/api.w.org\/{rel}","templated":true}]}}